{"id":40,"date":"2011-04-25T21:45:29","date_gmt":"2011-04-25T19:45:29","guid":{"rendered":"http:\/\/www.gsv.co.at\/?page_id=40"},"modified":"2026-03-23T16:31:35","modified_gmt":"2026-03-23T14:31:35","slug":"prasidium","status":"publish","type":"page","link":"https:\/\/www.gsv.co.at\/?page_id=40","title":{"rendered":"Pr\u00e4sidium &#038; Vorstand"},"content":{"rendered":"\n<table id=\"tablepress-1\" class=\"tablepress tablepress-id-1\">\n<tbody>\n<tr class=\"row-1\">\n\t<td class=\"column-1\"><b>Pr\u00e4sident<\/b><\/td><td class=\"column-2\"><b>Vizepr\u00e4sidentin<\/b><\/td><td class=\"column-3\"><b>Vizepr\u00e4sident<\/b><\/td>\n<\/tr>\n<tr class=\"row-2\">\n\t<td class=\"column-1\"><a href=\"http:\/\/www.gsv.co.at\/wp-content\/uploads\/Markus-Racz-1.jpg\"><img loading=\"lazy\" decoding=\"async\" src=\"https:\/\/www.gsv.co.at\/wp-content\/uploads\/Markus-Racz-1.jpg\" alt=\"\" width=\"200\" height=\"269\" class=\"alignleft size-full wp-image-3696\" \/><\/a><\/td><td class=\"column-2\"><a href=\"https:\/\/www.gsv.co.at\/wp-content\/uploads\/Karin_Zipperer Portrait.jpg\"><img loading=\"lazy\" decoding=\"async\" src=\"https:\/\/www.gsv.co.at\/wp-content\/uploads\/Karin_Zipperer Portrait.jpg\" alt=\"\" width=\"240\" height=\"269\" class=\"alignleft size-full wp-image-210\" \/><\/a><\/td><td class=\"column-3\"><a href=\"http:\/\/www.gsv.co.at\/wp-content\/uploads\/Hasenbichler.jpg\"><img loading=\"lazy\" decoding=\"async\" src=\"https:\/\/www.gsv.co.at\/wp-content\/uploads\/Hasenbichler.jpg\" alt=\"\" width=\"190\" height=\"269\" class=\"alignleft size-full wp-image-210\" \/><\/a><\/td>\n<\/tr>\n<tr class=\"row-3\">\n\t<td class=\"column-1\"><b>Dipl.-Ing. Markus Racz <\/b><br \/>\nGesch\u00e4ftsf\u00fchrer, Yunex Traffic Austria GmbH<br \/>\n<a href=\"http:\/\/www.gsv.co.at\/wp-content\/uploads\/Lebenslauf Racz.pdf\">Lebenslauf<\/a><\/td><td class=\"column-2\"><b> Mag. Karin Zipperer, MBA <\/b><br \/>\nSprecherin der Gesch\u00e4ftsf\u00fchrung des Verkehrsverbund Ost-Region (VOR)<\/td><td class=\"column-3\"><b>Dipl.-Ing. Hans Peter Hasenbichler <\/b><br \/>\nGesch\u00e4ftsf\u00fchrer,<br \/>\nvia donau - \u00d6sterreichische Wasserstra\u00dfen-Gesellschaft mbH<br \/>\n<a href=\"http:\/\/www.gsv.co.at\/wp-content\/uploads\/Lebenslauf Hasenbichler.pdf\">Lebenslauf<\/a><\/td>\n<\/tr>\n<\/tbody>\n<\/table>\n<!-- #tablepress-1 from cache -->\r\n<p><strong>Vorstand:<\/strong><\/p>\r\n\r\n<ul class=\"wp-block-list\">\r\n<li><strong>Dipl.-Ing. Mag. Anna Huditz<\/strong>, Leiterin Competence Unit Transportation Infrastructure Technologies, AIT<\/li>\r\n<li><strong>Dipl.-Ing. Rainer Irschik<\/strong>, stv. Leiter Gruppe Stra\u00dfe, Land N\u00d6<\/li>\r\n<li><strong>DI (FH) Marko Jandrisits, <\/strong>Abteilungsleitung Konzernsteuerung, ASFINAG<strong><br><\/strong><\/li>\r\n<li><strong>Dipl.-Ing. Thomas Keller<\/strong>, Abteilungsleiter, MA 28 Stra\u00dfenverwaltung und Stra\u00dfenbau, Stadt Wien<\/li>\r\n<li><strong>Ing. Mag. Alexander Klacska<\/strong>, Obmann der Bundessparte Transport und Verkehr, WKO<\/li>\r\n<li><strong>Alfred Loidl, MSc<\/strong>, Vorstand, \u00d6sterreichische Postbus AG<\/li>\r\n<li><strong>Dkfm. Frank M\u00fchmel<\/strong>, Leitung Business Development, Business Excellence &amp; Communications, Siemens Mobility Austria GmbH<\/li>\r\n<li><strong>Dr. G\u00fcnter Ofner<\/strong>, Vorstandsdirektor, Flughafen Wien<\/li>\r\n<li><strong>Dr. Christian Pesau<\/strong>, Gesch\u00e4ftsf\u00fchrer, Arbeitskreis der Automobilimporteure in der IV<\/li>\r\n<li><strong>Mag. Markus Pohanka<\/strong>, Leiter Externe Beziehungen, Austro Control<\/li>\r\n<li><strong>Mag. Thomas Reznicek<\/strong>, Area Manager, Kapsch TrafficCom AG<\/li>\r\n<li><strong>Dipl.-Ing. Martin Russ<\/strong>, Gesch\u00e4ftsf\u00fchrer, AustriaTech<\/li>\r\n<li><strong>Muna Saied-Reuning<\/strong>, Prokuristin, WLB<\/li>\r\n<li><strong>Mag. Monika Schuh<\/strong>, Gesch\u00e4ftsf\u00fchrerin Infrastrukturausschuss, IV<\/li>\r\n<li><strong>Dipl-Ing. Mag. Gudrun Senk<\/strong>, technische Gesch\u00e4ftsf\u00fchrerin, Wiener Linien<\/li>\r\n<li><strong>Dipl.-Ing. Sebastian Spaun<\/strong>, Gesch\u00e4ftsf\u00fchrer, Vereinigung der \u00f6sterr. Zementindustrie<\/li>\r\n<li><strong>Dipl.-Ing. Andreas Tropper<\/strong>, Abteilungsleitung Verkehr und Landeshochbau, Land Steiermark<\/li>\r\n<li><strong>Dipl.-Ing. Viktor Vogler<\/strong>, Gesch\u00e4ftsf\u00fchrer, SCHIG mbH<\/li>\r\n<li><strong>MMag. Bernhard Wiesinger<\/strong>, MBA, MPA (Harvard), Leiter Konsumentenschutz &amp; Mitgliederinteressen, \u00d6AMTC<\/li>\r\n<\/ul>\r\n","protected":false},"excerpt":{"rendered":"<p>Vorstand: Dipl.-Ing. Mag. Anna Huditz, Leiterin Competence Unit Transportation Infrastructure Technologies, AIT Dipl.-Ing. Rainer Irschik, stv. Leiter Gruppe Stra\u00dfe, Land N\u00d6 DI (FH) Marko Jandrisits, Abteilungsleitung Konzernsteuerung, ASFINAG Dipl.-Ing. Thomas Keller, Abteilungsleiter, MA 28 Stra\u00dfenverwaltung und Stra\u00dfenbau, Stadt Wien Ing. Mag. Alexander Klacska, Obmann der Bundessparte Transport und Verkehr, WKO Alfred Loidl, MSc, Vorstand, \u00d6sterreichische [&hellip;]<\/p>\n","protected":false},"author":1,"featured_media":0,"parent":30,"menu_order":0,"comment_status":"closed","ping_status":"open","template":"","meta":{"_monsterinsights_skip_tracking":false,"_monsterinsights_sitenote_active":false,"_monsterinsights_sitenote_note":"","_monsterinsights_sitenote_category":0,"ngg_post_thumbnail":0,"footnotes":""},"class_list":["post-40","page","type-page","status-publish","hentry"],"_links":{"self":[{"href":"https:\/\/www.gsv.co.at\/index.php?rest_route=\/wp\/v2\/pages\/40","targetHints":{"allow":["GET"]}}],"collection":[{"href":"https:\/\/www.gsv.co.at\/index.php?rest_route=\/wp\/v2\/pages"}],"about":[{"href":"https:\/\/www.gsv.co.at\/index.php?rest_route=\/wp\/v2\/types\/page"}],"author":[{"embeddable":true,"href":"https:\/\/www.gsv.co.at\/index.php?rest_route=\/wp\/v2\/users\/1"}],"replies":[{"embeddable":true,"href":"https:\/\/www.gsv.co.at\/index.php?rest_route=%2Fwp%2Fv2%2Fcomments&post=40"}],"version-history":[{"count":75,"href":"https:\/\/www.gsv.co.at\/index.php?rest_route=\/wp\/v2\/pages\/40\/revisions"}],"predecessor-version":[{"id":6406,"href":"https:\/\/www.gsv.co.at\/index.php?rest_route=\/wp\/v2\/pages\/40\/revisions\/6406"}],"up":[{"embeddable":true,"href":"https:\/\/www.gsv.co.at\/index.php?rest_route=\/wp\/v2\/pages\/30"}],"wp:attachment":[{"href":"https:\/\/www.gsv.co.at\/index.php?rest_route=%2Fwp%2Fv2%2Fmedia&parent=40"}],"curies":[{"name":"wp","href":"https:\/\/api.w.org\/{rel}","templated":true}]}}