{"id":397,"date":"2012-04-17T10:05:34","date_gmt":"2012-04-17T08:05:34","guid":{"rendered":"http:\/\/www.gsv.co.at\/?page_id=397"},"modified":"2024-11-15T10:09:41","modified_gmt":"2024-11-15T08:09:41","slug":"fact-sheets","status":"publish","type":"page","link":"https:\/\/www.gsv.co.at\/?page_id=397","title":{"rendered":"FACT SHEETS"},"content":{"rendered":"<p>Unsere FACT SHEETs k\u00f6nnen Sie hier herunterladen:<\/p>\n<ul>\n<li><a href=\"https:\/\/www.gsv.co.at\/wp-content\/uploads\/FACT SHEET DONAUSCHIFFFAHRT 2023.pdf\">FACT SHEET Donauschifffahrt (Webversion April 2023)<\/a><\/li>\n<li><a href=\"https:\/\/www.gsv.co.at\/wp-content\/uploads\/FACT SHEET SCHIENE WEB 09 2020.pdf\">FACT SHEET Schiene (Webversion September 2020)<\/a><\/li>\n<li><a href=\"https:\/\/www.gsv.co.at\/wp-content\/uploads\/FACT SHEET STRASSE WEB 05 2020.pdf\" target=\"_blank\" rel=\"noopener noreferrer\">FACT SHEET Stra\u00dfe (Webversion Mai 2020)<\/a><br \/>\n<a href=\"https:\/\/www.gsv.co.at\/wp-content\/uploads\/GSV Br\u00fccken und Tunnel Bundesl\u00e4nder 2020.pdf\">Details zu Br\u00fccken und Tunnel auf Landestra\u00dfen<\/a><\/li>\n<\/ul>\n<ul>\n<li><a href=\"https:\/\/www.gsv.co.at\/wp-content\/uploads\/FACT SHEET LUFTFAHRT WEB 9 2017.pdf\">FACT SHEET Luftfahrt (Webversion September 2017) <\/a><\/li>\n<\/ul>\n<ul>\n<li><a href=\"https:\/\/www.gsv.co.at\/wp-content\/uploads\/FACT SHEET PIPELINES WEB 09 2016.pdf\">FACT SHEET Pipelines (Webversion September 2016)&nbsp; <\/a><\/li>\n<\/ul>\n<ul>\n<li><a href=\"https:\/\/www.gsv.co.at\/wp-content\/uploads\/FACT SHEET SINGLE EUROPEAN SKY WEB.pdf\">FACT SHEET Single European Sky (Webversion Dezember 2014)<\/a><\/li>\n<\/ul>\n<ul>\n<li><a href=\"https:\/\/www.gsv.co.at\/wp-content\/uploads\/FACT SHEET L\u00c4RM WEB 05 2015.pdf\" target=\"_blank\" rel=\"noopener noreferrer\">FACT SHEET L\u00e4rmschutz (Webversion Februar 2013 <span style=\"color: #ff0000;\">aktualisiert am 29. Mai 2015<\/span>) <\/a><\/li>\n<\/ul>\n<ul>\n<li><a href=\"https:\/\/www.gsv.co.at\/wp-content\/uploads\/FACT SHEET DONAURAUM WEB.pdf\" target=\"_blank\" rel=\"noopener noreferrer\">FACT SHEET Donauraumstrategie (Webversion Mai 2012)<\/a><\/li>\n<\/ul>\n<ul>\n<li><a href=\"https:\/\/www.gsv.co.at\/wp-content\/uploads\/FACT SHEET GIGALINER WEB.pdf\" target=\"_blank\" rel=\"noopener noreferrer\">FACT SHEET Gigaliner (Webversion Mai 2012)<\/a><\/li>\n<\/ul>\n<ul>\n<li><a href=\"https:\/\/www.gsv.co.at\/wp-content\/uploads\/FACT SHEET SALZSTREUUNG WEB.pdf\" target=\"_blank\" rel=\"noopener noreferrer\">FACT SHEET Salzstreuung (Webversion April 2012)<\/a><\/li>\n<\/ul>\n<ul>\n<li><a href=\"https:\/\/www.gsv.co.at\/wp-content\/uploads\/FACT SHEET FEINSTAUB WEB.pdf\" target=\"_blank\" rel=\"noopener noreferrer\">FACT SHEET Feinstaub (Webversion April 2012)<\/a><\/li>\n<\/ul>\n","protected":false},"excerpt":{"rendered":"<p>Unsere FACT SHEETs k\u00f6nnen Sie hier herunterladen: FACT SHEET Donauschifffahrt (Webversion April 2023) FACT SHEET Schiene (Webversion September 2020) FACT SHEET Stra\u00dfe (Webversion Mai 2020) Details zu Br\u00fccken und Tunnel auf Landestra\u00dfen FACT SHEET Luftfahrt (Webversion September 2017) FACT SHEET Pipelines (Webversion September 2016)&nbsp; FACT SHEET Single European Sky (Webversion Dezember 2014) FACT SHEET L\u00e4rmschutz [&hellip;]<\/p>\n","protected":false},"author":1,"featured_media":0,"parent":45,"menu_order":1,"comment_status":"closed","ping_status":"open","template":"","meta":{"_monsterinsights_skip_tracking":false,"_monsterinsights_sitenote_active":false,"_monsterinsights_sitenote_note":"","_monsterinsights_sitenote_category":0,"ngg_post_thumbnail":0,"footnotes":""},"class_list":["post-397","page","type-page","status-publish","hentry"],"_links":{"self":[{"href":"https:\/\/www.gsv.co.at\/index.php?rest_route=\/wp\/v2\/pages\/397","targetHints":{"allow":["GET"]}}],"collection":[{"href":"https:\/\/www.gsv.co.at\/index.php?rest_route=\/wp\/v2\/pages"}],"about":[{"href":"https:\/\/www.gsv.co.at\/index.php?rest_route=\/wp\/v2\/types\/page"}],"author":[{"embeddable":true,"href":"https:\/\/www.gsv.co.at\/index.php?rest_route=\/wp\/v2\/users\/1"}],"replies":[{"embeddable":true,"href":"https:\/\/www.gsv.co.at\/index.php?rest_route=%2Fwp%2Fv2%2Fcomments&post=397"}],"version-history":[{"count":103,"href":"https:\/\/www.gsv.co.at\/index.php?rest_route=\/wp\/v2\/pages\/397\/revisions"}],"predecessor-version":[{"id":5583,"href":"https:\/\/www.gsv.co.at\/index.php?rest_route=\/wp\/v2\/pages\/397\/revisions\/5583"}],"up":[{"embeddable":true,"href":"https:\/\/www.gsv.co.at\/index.php?rest_route=\/wp\/v2\/pages\/45"}],"wp:attachment":[{"href":"https:\/\/www.gsv.co.at\/index.php?rest_route=%2Fwp%2Fv2%2Fmedia&parent=397"}],"curies":[{"name":"wp","href":"https:\/\/api.w.org\/{rel}","templated":true}]}}